{"id":102,"date":"2023-02-05T10:54:43","date_gmt":"2023-02-05T10:54:43","guid":{"rendered":"http:\/\/jawia.isap.info.pl\/?page_id=102"},"modified":"2024-03-08T14:47:32","modified_gmt":"2024-03-08T14:47:32","slug":"logotyp","status":"publish","type":"page","link":"https:\/\/jawia.pl\/?page_id=102","title":{"rendered":"Logotyp"},"content":{"rendered":"\n<p>Umieszczaj\u0105c logotyp pami\u0119taj, \u017ce musi by\u0107 w widocznym miejscu i nie mo\u017ce by\u0107 przeszkta\u0142cany (zar\u00f3wno form\u0105, geometri\u0105, proporcj\u0105 jak i kolorystyk\u0105).<\/p>\n\n\n\n<p>Aby mie\u0107 pewno\u015b\u0107, \u017ce logotyp zosta\u0142 zamieszczony prawid\u0142owo, skontaktuj si\u0119 z nami: skks.jawia@gmai.com<\/p>\n\n\n\n<div class=\"wp-block-file\"><a id=\"wp-block-file--media-a35259d0-4631-4808-8246-d201a4ba11d9\" href=\"http:\/\/jawia.pl\/wp-content\/uploads\/2023\/02\/logo_jawia_mono-1.jpg\">logo_jawia_czarne<\/a><a href=\"http:\/\/jawia.pl\/wp-content\/uploads\/2023\/02\/logo_jawia_mono-1.jpg\" class=\"wp-block-file__button wp-element-button\" download aria-describedby=\"wp-block-file--media-a35259d0-4631-4808-8246-d201a4ba11d9\">Pobierz<\/a><\/div>\n\n\n\n<div class=\"wp-block-file\"><a id=\"wp-block-file--media-4a81ac0d-56ce-4e29-88d2-ee8ce14c8b59\" href=\"http:\/\/jawia.pl\/wp-content\/uploads\/2023\/02\/logo_jawia_mono2.jpg\">logo_jawia_biale<\/a><a href=\"http:\/\/jawia.pl\/wp-content\/uploads\/2023\/02\/logo_jawia_mono2.jpg\" class=\"wp-block-file__button wp-element-button\" download aria-describedby=\"wp-block-file--media-4a81ac0d-56ce-4e29-88d2-ee8ce14c8b59\">Pobierz<\/a><\/div>\n\n\n\n<div style=\"height:14px\" aria-hidden=\"true\" class=\"wp-block-spacer\"><\/div>\n\n\n\n<figure class=\"wp-block-gallery alignfull has-nested-images columns-default is-cropped wp-block-gallery-1 is-layout-flex wp-block-gallery-is-layout-flex\">\n<figure class=\"wp-block-image size-large\"><img decoding=\"async\" width=\"1024\" height=\"683\" data-id=\"198\" data-src=\"http:\/\/jawia.isap.info.pl\/wp-content\/uploads\/2023\/02\/289766326_3266239780325331_4460020465105068991_n-1-1024x683.jpg\" alt=\"\" class=\"wp-image-198 lazyload\" data-srcset=\"https:\/\/jawia.pl\/wp-content\/uploads\/2023\/02\/289766326_3266239780325331_4460020465105068991_n-1-1024x683.jpg 1024w, https:\/\/jawia.pl\/wp-content\/uploads\/2023\/02\/289766326_3266239780325331_4460020465105068991_n-1-300x200.jpg 300w, https:\/\/jawia.pl\/wp-content\/uploads\/2023\/02\/289766326_3266239780325331_4460020465105068991_n-1-768x512.jpg 768w, https:\/\/jawia.pl\/wp-content\/uploads\/2023\/02\/289766326_3266239780325331_4460020465105068991_n-1-1536x1025.jpg 1536w, https:\/\/jawia.pl\/wp-content\/uploads\/2023\/02\/289766326_3266239780325331_4460020465105068991_n-1-930x620.jpg 930w, https:\/\/jawia.pl\/wp-content\/uploads\/2023\/02\/289766326_3266239780325331_4460020465105068991_n-1.jpg 2048w\" data-sizes=\"(max-width: 1024px) 100vw, 1024px\" src=\"data:image\/svg+xml;base64,PHN2ZyB3aWR0aD0iMSIgaGVpZ2h0PSIxIiB4bWxucz0iaHR0cDovL3d3dy53My5vcmcvMjAwMC9zdmciPjwvc3ZnPg==\" style=\"--smush-placeholder-width: 1024px; --smush-placeholder-aspect-ratio: 1024\/683;\" \/><\/figure>\n\n\n\n<figure class=\"wp-block-image size-large\"><img decoding=\"async\" width=\"1024\" height=\"683\" data-id=\"201\" data-src=\"http:\/\/jawia.isap.info.pl\/wp-content\/uploads\/2023\/02\/289865904_3266240033658639_1690981851769685340_n-1024x683.jpg\" alt=\"\" class=\"wp-image-201 lazyload\" data-srcset=\"https:\/\/jawia.pl\/wp-content\/uploads\/2023\/02\/289865904_3266240033658639_1690981851769685340_n-1024x683.jpg 1024w, https:\/\/jawia.pl\/wp-content\/uploads\/2023\/02\/289865904_3266240033658639_1690981851769685340_n-300x200.jpg 300w, https:\/\/jawia.pl\/wp-content\/uploads\/2023\/02\/289865904_3266240033658639_1690981851769685340_n-768x512.jpg 768w, https:\/\/jawia.pl\/wp-content\/uploads\/2023\/02\/289865904_3266240033658639_1690981851769685340_n-1536x1025.jpg 1536w, https:\/\/jawia.pl\/wp-content\/uploads\/2023\/02\/289865904_3266240033658639_1690981851769685340_n-930x620.jpg 930w, https:\/\/jawia.pl\/wp-content\/uploads\/2023\/02\/289865904_3266240033658639_1690981851769685340_n.jpg 2048w\" data-sizes=\"(max-width: 1024px) 100vw, 1024px\" src=\"data:image\/svg+xml;base64,PHN2ZyB3aWR0aD0iMSIgaGVpZ2h0PSIxIiB4bWxucz0iaHR0cDovL3d3dy53My5vcmcvMjAwMC9zdmciPjwvc3ZnPg==\" style=\"--smush-placeholder-width: 1024px; --smush-placeholder-aspect-ratio: 1024\/683;\" \/><\/figure>\n\n\n\n<figure class=\"wp-block-image size-large\"><img decoding=\"async\" width=\"1024\" height=\"683\" data-id=\"199\" data-src=\"http:\/\/jawia.isap.info.pl\/wp-content\/uploads\/2023\/02\/289778075_3266239836991992_6610669085801260605_n-1024x683.jpg\" alt=\"\" class=\"wp-image-199 lazyload\" data-srcset=\"https:\/\/jawia.pl\/wp-content\/uploads\/2023\/02\/289778075_3266239836991992_6610669085801260605_n-1024x683.jpg 1024w, https:\/\/jawia.pl\/wp-content\/uploads\/2023\/02\/289778075_3266239836991992_6610669085801260605_n-300x200.jpg 300w, https:\/\/jawia.pl\/wp-content\/uploads\/2023\/02\/289778075_3266239836991992_6610669085801260605_n-768x512.jpg 768w, https:\/\/jawia.pl\/wp-content\/uploads\/2023\/02\/289778075_3266239836991992_6610669085801260605_n-1536x1025.jpg 1536w, https:\/\/jawia.pl\/wp-content\/uploads\/2023\/02\/289778075_3266239836991992_6610669085801260605_n-930x620.jpg 930w, https:\/\/jawia.pl\/wp-content\/uploads\/2023\/02\/289778075_3266239836991992_6610669085801260605_n.jpg 2048w\" data-sizes=\"(max-width: 1024px) 100vw, 1024px\" src=\"data:image\/svg+xml;base64,PHN2ZyB3aWR0aD0iMSIgaGVpZ2h0PSIxIiB4bWxucz0iaHR0cDovL3d3dy53My5vcmcvMjAwMC9zdmciPjwvc3ZnPg==\" style=\"--smush-placeholder-width: 1024px; --smush-placeholder-aspect-ratio: 1024\/683;\" \/><\/figure>\n<\/figure>\n\n\n\n<div style=\"height:19px\" aria-hidden=\"true\" class=\"wp-block-spacer\"><\/div>\n","protected":false},"excerpt":{"rendered":"<p>Umieszczaj\u0105c logotyp pami\u0119taj, \u017ce musi by\u0107 w widocznym miejscu i nie mo\u017ce by\u0107 przeszkta\u0142cany (zar\u00f3wno form\u0105, geometri\u0105, proporcj\u0105 jak i kolorystyk\u0105). Aby mie\u0107 pewno\u015b\u0107, \u017ce logotyp zosta\u0142 zamieszczony prawid\u0142owo, skontaktuj si\u0119 z nami: skks.jawia@gmai.com<\/p>\n","protected":false},"author":1,"featured_media":0,"parent":0,"menu_order":0,"comment_status":"closed","ping_status":"closed","template":"","meta":{"neve_meta_sidebar":"","neve_meta_container":"","neve_meta_enable_content_width":"","neve_meta_content_width":0,"neve_meta_title_alignment":"","neve_meta_author_avatar":"","neve_post_elements_order":"","neve_meta_disable_header":"","neve_meta_disable_footer":"","neve_meta_disable_title":"","footnotes":""},"class_list":["post-102","page","type-page","status-publish","hentry"],"_links":{"self":[{"href":"https:\/\/jawia.pl\/index.php?rest_route=\/wp\/v2\/pages\/102"}],"collection":[{"href":"https:\/\/jawia.pl\/index.php?rest_route=\/wp\/v2\/pages"}],"about":[{"href":"https:\/\/jawia.pl\/index.php?rest_route=\/wp\/v2\/types\/page"}],"author":[{"embeddable":true,"href":"https:\/\/jawia.pl\/index.php?rest_route=\/wp\/v2\/users\/1"}],"replies":[{"embeddable":true,"href":"https:\/\/jawia.pl\/index.php?rest_route=%2Fwp%2Fv2%2Fcomments&post=102"}],"version-history":[{"count":4,"href":"https:\/\/jawia.pl\/index.php?rest_route=\/wp\/v2\/pages\/102\/revisions"}],"predecessor-version":[{"id":289,"href":"https:\/\/jawia.pl\/index.php?rest_route=\/wp\/v2\/pages\/102\/revisions\/289"}],"wp:attachment":[{"href":"https:\/\/jawia.pl\/index.php?rest_route=%2Fwp%2Fv2%2Fmedia&parent=102"}],"curies":[{"name":"wp","href":"https:\/\/api.w.org\/{rel}","templated":true}]}}