{"id":48,"date":"2023-02-05T10:15:12","date_gmt":"2023-02-05T10:15:12","guid":{"rendered":"http:\/\/jawia.isap.info.pl\/?page_id=48"},"modified":"2024-03-08T14:42:49","modified_gmt":"2024-03-08T14:42:49","slug":"kim-jestesmy","status":"publish","type":"page","link":"https:\/\/jawia.pl\/?page_id=48","title":{"rendered":"Kim jeste\u015bmy?"},"content":{"rendered":"\n<div style=\"height:31px\" aria-hidden=\"true\" class=\"wp-block-spacer\"><\/div>\n\n\n\n<div class=\"wp-block-columns is-layout-flex wp-container-core-columns-is-layout-1 wp-block-columns-is-layout-flex\">\n<div class=\"wp-block-column is-layout-flow wp-block-column-is-layout-flow\" style=\"flex-basis:66.66%\">\n<p>W lutym 2014 r. grupa dobrych znajomych zebra\u0142a si\u0119 w D\u0105browie G\u00f3rniczej, stawiaj\u0105c sobie jeden wsp\u00f3lny cel \u2013 wsp\u00f3\u0142prac\u0119 w ramach organizacji, odkrywaj\u0105cej we wsp\u00f3\u0142czesnym \u015bwiecie spory skrawek zapomnianej historii polskich ziem.<\/p>\n\n\n\n<p>Od tego momentu do formalnego powstania Stowarzyszenia min\u0119\u0142o kilka miesi\u0119cy. Obecnie, w prawie niezmiennym sk\u0142adzie, realizujemy nasz ambitny plan poprzez szukanie, tworzenie i realizacj\u0119 projekt\u00f3w, kt\u00f3re s\u0105 zgodne z naszymi za\u0142o\u017ceniami. Chcemy si\u0119 rozwija\u0107 i pomaga\u0107 wszystkim tym, kt\u00f3rzy poJAWI\u0104 si\u0119 na naszej drodze. Mamy zapa\u0142 do dzia\u0142ania, wsp\u00f3lne marzenia oraz szacunek zar\u00f3wno do tego co \u201estare\u201d jak i \u201enowe\u201d.<\/p>\n<\/div>\n\n\n\n<div class=\"wp-block-column is-layout-flow wp-block-column-is-layout-flow\" style=\"flex-basis:33.33%\"><div class=\"wp-block-image\">\n<figure class=\"aligncenter size-full is-resized\"><img decoding=\"async\" width=\"512\" height=\"512\" data-src=\"http:\/\/jawia.isap.info.pl\/wp-content\/uploads\/2023\/02\/cropped-cropped-logo_jawia_mono.jpg\" alt=\"\" class=\"wp-image-21 lazyload\" style=\"--smush-placeholder-width: 512px; --smush-placeholder-aspect-ratio: 512\/512;width:182px;height:182px\" data-srcset=\"https:\/\/jawia.pl\/wp-content\/uploads\/2023\/02\/cropped-cropped-logo_jawia_mono.jpg 512w, https:\/\/jawia.pl\/wp-content\/uploads\/2023\/02\/cropped-cropped-logo_jawia_mono-300x300.jpg 300w, https:\/\/jawia.pl\/wp-content\/uploads\/2023\/02\/cropped-cropped-logo_jawia_mono-150x150.jpg 150w, https:\/\/jawia.pl\/wp-content\/uploads\/2023\/02\/cropped-cropped-logo_jawia_mono-60x60.jpg 60w, https:\/\/jawia.pl\/wp-content\/uploads\/2023\/02\/cropped-cropped-logo_jawia_mono-468x468.jpg 468w, https:\/\/jawia.pl\/wp-content\/uploads\/2023\/02\/cropped-cropped-logo_jawia_mono-270x270.jpg 270w, https:\/\/jawia.pl\/wp-content\/uploads\/2023\/02\/cropped-cropped-logo_jawia_mono-192x192.jpg 192w, https:\/\/jawia.pl\/wp-content\/uploads\/2023\/02\/cropped-cropped-logo_jawia_mono-180x180.jpg 180w, https:\/\/jawia.pl\/wp-content\/uploads\/2023\/02\/cropped-cropped-logo_jawia_mono-32x32.jpg 32w\" data-sizes=\"(max-width: 512px) 100vw, 512px\" src=\"data:image\/svg+xml;base64,PHN2ZyB3aWR0aD0iMSIgaGVpZ2h0PSIxIiB4bWxucz0iaHR0cDovL3d3dy53My5vcmcvMjAwMC9zdmciPjwvc3ZnPg==\" \/><\/figure><\/div>\n\n\n<div style=\"height:8px\" aria-hidden=\"true\" class=\"wp-block-spacer\"><\/div>\n<\/div>\n<\/div>\n\n\n\n<h2 class=\"wp-block-heading\" id=\"Co-oznacza-jawia\"><strong>Dlaczego Jawia?<\/strong><\/h2>\n\n\n\n<p>Nazwa Stowarzyszenia okre\u015bla na jakiej p\u0142aszczy\u017anie i dla kogo dzia\u0142amy. Dawniej na s\u0142owia\u0144ski \u015bwiat sk\u0142ada\u0142y si\u0119 trzy elementy: Prawia, Nawia i Jawia. Stanowi\u0142y one ca\u0142o\u015b\u0107 przedstawian\u0105 w postaci drzewa \u015bwiata. Jego koron\u0105 by\u0142a Prawia b\u0119d\u0105ca si\u0142\u0105 sprawcz\u0105, sfer\u0105, kt\u00f3ra jest \u017ar\u00f3d\u0142em prawa oraz siedzib\u0105 bog\u00f3w. Nawia, znajduj\u0105ca si\u0119 w korzeniach drzewa, to kraina zmar\u0142ych oraz rzeczy nadprzyrodzonych. Jawia, jako pie\u0144 drzewa, jest z kolei \u015bwiatem rzeczywistym, kt\u00f3ry nas otacza, wszystkim tym co namacalne. To jest w\u0142a\u015bnie sfera, na kt\u00f3r\u0105 za \u017cycia mamy wp\u0142yw.<\/p>\n\n\n\n<h2 class=\"wp-block-heading\" id=\"misja-stowarzyszenia\"><strong>Misja<\/strong><\/h2>\n\n\n\n<p>Pog\u0142\u0119bienie \u015bwiadomo\u015bci spo\u0142ecze\u0144stwa o kulturze, sztuce oraz tradycji, umiejscowionej w dalekiej historii naszego kraju, tworz\u0105cej fundament naszego spo\u0142ecze\u0144stwa.<\/p>\n\n\n\n<h2 class=\"wp-block-heading\" id=\"wizja-stowarzyszenia\"><strong>Wizja<\/strong><\/h2>\n\n\n\n<p>\u015awiat S\u0142owian wok\u00f3\u0142 nas z&nbsp;\u017cyj\u0105c\u0105 tradycj\u0105 i warto\u015bciami naszych przodk\u00f3w.<\/p>\n\n\n\n<h2 class=\"wp-block-heading\" id=\"cele-stowarzyszenia\"><strong>Cele:<\/strong><\/h2>\n\n\n\n<ol class=\"wp-block-list\">\n<li>Odkrywanie i promowanie zapomnianej, pomijanej historii ziem polskich oraz plemion s\u0142owia\u0144skich wraz z ich kultur\u0105, tradycj\u0105, sztuk\u0105 oraz wszelkimi przejawami ponadczasowych warto\u015bci humanizmu.<\/li>\n\n\n\n<li>Podtrzymywanie zwyczaj\u00f3w i warto\u015bci naszych przodk\u00f3w, kultywowanych cz\u0119sto po dzi\u015b dzie\u0144 w stanie niezmienionym lub przy zmienionej formie czy nazwie. D\u0105\u017cenie do bezb\u0142\u0119dnej ich identyfikacji z kultur\u0105 S\u0142owian.<\/li>\n\n\n\n<li>Promocja postaw patriotycznych, pro-ludzkich oraz ekologicznych w szerokim tego s\u0142owa znaczeniu.<\/li>\n<\/ol>\n\n\n\n<div class=\"wp-block-columns is-layout-flex wp-container-core-columns-is-layout-3 wp-block-columns-is-layout-flex\">\n<div class=\"wp-block-column is-layout-flow wp-block-column-is-layout-flow\">\n<div class=\"wp-block-columns is-layout-flex wp-container-core-columns-is-layout-2 wp-block-columns-is-layout-flex\">\n<div class=\"wp-block-column is-layout-flow wp-block-column-is-layout-flow\">\n<div class=\"wp-block-buttons is-content-justification-center is-layout-flex wp-container-core-buttons-is-layout-1 wp-block-buttons-is-layout-flex\">\n<div class=\"wp-block-button\"><a class=\"wp-block-button__link wp-element-button\" href=\"https:\/\/drive.google.com\/file\/d\/1bykImG6yr1ylQf-zRSZacZIttAWQO6a1\/view?usp=sharing\" target=\"_blank\" rel=\"noreferrer noopener\">SPRAWD\u0179 NASZE PORTFOLIO<\/a><\/div>\n<\/div>\n<\/div>\n\n\n\n<div class=\"wp-block-column is-layout-flow wp-block-column-is-layout-flow\">\n<div class=\"wp-block-buttons is-content-justification-center is-layout-flex wp-container-core-buttons-is-layout-2 wp-block-buttons-is-layout-flex\">\n<div class=\"wp-block-button\"><a class=\"wp-block-button__link has-nv-c-2-background-color has-background wp-element-button\" href=\"https:\/\/jawia.pl\/#darowizna\">PRZEKA\u017b DAROWIZN\u0118<\/a><\/div>\n<\/div>\n<\/div>\n<\/div>\n\n\n\n<div style=\"height:17px\" aria-hidden=\"true\" class=\"wp-block-spacer\"><\/div>\n\n\n\n<figure class=\"wp-block-gallery alignfull has-nested-images columns-default is-cropped wp-block-gallery-1 is-layout-flex wp-block-gallery-is-layout-flex\">\n<figure class=\"wp-block-image size-large\"><img decoding=\"async\" width=\"1024\" height=\"683\" data-src=\"http:\/\/jawia.isap.info.pl\/wp-content\/uploads\/2023\/02\/289681864_3266239263658716_1086300575735138442_n-1024x683.jpg\" alt=\"\" class=\"wp-image-197 lazyload\" data-srcset=\"https:\/\/jawia.pl\/wp-content\/uploads\/2023\/02\/289681864_3266239263658716_1086300575735138442_n-1024x683.jpg 1024w, https:\/\/jawia.pl\/wp-content\/uploads\/2023\/02\/289681864_3266239263658716_1086300575735138442_n-300x200.jpg 300w, https:\/\/jawia.pl\/wp-content\/uploads\/2023\/02\/289681864_3266239263658716_1086300575735138442_n-768x512.jpg 768w, https:\/\/jawia.pl\/wp-content\/uploads\/2023\/02\/289681864_3266239263658716_1086300575735138442_n-1536x1025.jpg 1536w, https:\/\/jawia.pl\/wp-content\/uploads\/2023\/02\/289681864_3266239263658716_1086300575735138442_n-930x620.jpg 930w, https:\/\/jawia.pl\/wp-content\/uploads\/2023\/02\/289681864_3266239263658716_1086300575735138442_n.jpg 2048w\" data-sizes=\"(max-width: 1024px) 100vw, 1024px\" src=\"data:image\/svg+xml;base64,PHN2ZyB3aWR0aD0iMSIgaGVpZ2h0PSIxIiB4bWxucz0iaHR0cDovL3d3dy53My5vcmcvMjAwMC9zdmciPjwvc3ZnPg==\" style=\"--smush-placeholder-width: 1024px; --smush-placeholder-aspect-ratio: 1024\/683;\" \/><\/figure>\n\n\n\n<figure class=\"wp-block-image size-large\"><img decoding=\"async\" width=\"1024\" height=\"683\" data-src=\"http:\/\/jawia.isap.info.pl\/wp-content\/uploads\/2023\/02\/289768556_3266238916992084_2828092807798814801_n-1-1024x683.jpg\" alt=\"\" class=\"wp-image-196 lazyload\" data-srcset=\"https:\/\/jawia.pl\/wp-content\/uploads\/2023\/02\/289768556_3266238916992084_2828092807798814801_n-1-1024x683.jpg 1024w, https:\/\/jawia.pl\/wp-content\/uploads\/2023\/02\/289768556_3266238916992084_2828092807798814801_n-1-300x200.jpg 300w, https:\/\/jawia.pl\/wp-content\/uploads\/2023\/02\/289768556_3266238916992084_2828092807798814801_n-1-768x512.jpg 768w, https:\/\/jawia.pl\/wp-content\/uploads\/2023\/02\/289768556_3266238916992084_2828092807798814801_n-1-1536x1025.jpg 1536w, https:\/\/jawia.pl\/wp-content\/uploads\/2023\/02\/289768556_3266238916992084_2828092807798814801_n-1-930x620.jpg 930w, https:\/\/jawia.pl\/wp-content\/uploads\/2023\/02\/289768556_3266238916992084_2828092807798814801_n-1.jpg 2048w\" data-sizes=\"(max-width: 1024px) 100vw, 1024px\" src=\"data:image\/svg+xml;base64,PHN2ZyB3aWR0aD0iMSIgaGVpZ2h0PSIxIiB4bWxucz0iaHR0cDovL3d3dy53My5vcmcvMjAwMC9zdmciPjwvc3ZnPg==\" style=\"--smush-placeholder-width: 1024px; --smush-placeholder-aspect-ratio: 1024\/683;\" \/><\/figure>\n\n\n\n<figure class=\"wp-block-image size-large\"><img decoding=\"async\" width=\"1024\" height=\"683\" data-src=\"http:\/\/jawia.isap.info.pl\/wp-content\/uploads\/2023\/02\/289716280_3266239720325337_839489142972511499_n-1-1024x683.jpg\" alt=\"\" class=\"wp-image-194 lazyload\" data-srcset=\"https:\/\/jawia.pl\/wp-content\/uploads\/2023\/02\/289716280_3266239720325337_839489142972511499_n-1-1024x683.jpg 1024w, https:\/\/jawia.pl\/wp-content\/uploads\/2023\/02\/289716280_3266239720325337_839489142972511499_n-1-300x200.jpg 300w, https:\/\/jawia.pl\/wp-content\/uploads\/2023\/02\/289716280_3266239720325337_839489142972511499_n-1-768x512.jpg 768w, https:\/\/jawia.pl\/wp-content\/uploads\/2023\/02\/289716280_3266239720325337_839489142972511499_n-1-1536x1025.jpg 1536w, https:\/\/jawia.pl\/wp-content\/uploads\/2023\/02\/289716280_3266239720325337_839489142972511499_n-1-930x620.jpg 930w, https:\/\/jawia.pl\/wp-content\/uploads\/2023\/02\/289716280_3266239720325337_839489142972511499_n-1.jpg 2048w\" data-sizes=\"(max-width: 1024px) 100vw, 1024px\" src=\"data:image\/svg+xml;base64,PHN2ZyB3aWR0aD0iMSIgaGVpZ2h0PSIxIiB4bWxucz0iaHR0cDovL3d3dy53My5vcmcvMjAwMC9zdmciPjwvc3ZnPg==\" style=\"--smush-placeholder-width: 1024px; --smush-placeholder-aspect-ratio: 1024\/683;\" \/><\/figure>\n<\/figure>\n\n\n\n<div style=\"height:15px\" aria-hidden=\"true\" class=\"wp-block-spacer\"><\/div>\n<\/div>\n<\/div>\n\n\n\n<p><\/p>\n","protected":false},"excerpt":{"rendered":"<p>W lutym 2014 r. grupa dobrych znajomych zebra\u0142a si\u0119 w D\u0105browie G\u00f3rniczej, stawiaj\u0105c sobie jeden wsp\u00f3lny cel \u2013 wsp\u00f3\u0142prac\u0119 w ramach organizacji, odkrywaj\u0105cej we wsp\u00f3\u0142czesnym \u015bwiecie spory skrawek zapomnianej historii polskich ziem. Od tego momentu do formalnego powstania Stowarzyszenia min\u0119\u0142o kilka miesi\u0119cy. Obecnie, w prawie niezmiennym sk\u0142adzie, realizujemy nasz ambitny plan poprzez szukanie, tworzenie i&hellip;&nbsp;<a href=\"https:\/\/jawia.pl\/?page_id=48\" class=\"\" rel=\"bookmark\">Dowiedz si\u0119 wi\u0119cej &raquo;<span class=\"screen-reader-text\">Kim jeste\u015bmy?<\/span><\/a><\/p>\n","protected":false},"author":1,"featured_media":0,"parent":0,"menu_order":0,"comment_status":"closed","ping_status":"closed","template":"","meta":{"neve_meta_sidebar":"","neve_meta_container":"","neve_meta_enable_content_width":"","neve_meta_content_width":0,"neve_meta_title_alignment":"","neve_meta_author_avatar":"","neve_post_elements_order":"","neve_meta_disable_header":"","neve_meta_disable_footer":"","neve_meta_disable_title":"","footnotes":""},"class_list":["post-48","page","type-page","status-publish","hentry"],"_links":{"self":[{"href":"https:\/\/jawia.pl\/index.php?rest_route=\/wp\/v2\/pages\/48"}],"collection":[{"href":"https:\/\/jawia.pl\/index.php?rest_route=\/wp\/v2\/pages"}],"about":[{"href":"https:\/\/jawia.pl\/index.php?rest_route=\/wp\/v2\/types\/page"}],"author":[{"embeddable":true,"href":"https:\/\/jawia.pl\/index.php?rest_route=\/wp\/v2\/users\/1"}],"replies":[{"embeddable":true,"href":"https:\/\/jawia.pl\/index.php?rest_route=%2Fwp%2Fv2%2Fcomments&post=48"}],"version-history":[{"count":17,"href":"https:\/\/jawia.pl\/index.php?rest_route=\/wp\/v2\/pages\/48\/revisions"}],"predecessor-version":[{"id":283,"href":"https:\/\/jawia.pl\/index.php?rest_route=\/wp\/v2\/pages\/48\/revisions\/283"}],"wp:attachment":[{"href":"https:\/\/jawia.pl\/index.php?rest_route=%2Fwp%2Fv2%2Fmedia&parent=48"}],"curies":[{"name":"wp","href":"https:\/\/api.w.org\/{rel}","templated":true}]}}