{"id":5,"date":"2023-02-05T09:44:24","date_gmt":"2023-02-05T09:44:24","guid":{"rendered":"http:\/\/jawia.isap.info.pl\/?page_id=5"},"modified":"2026-03-09T09:21:01","modified_gmt":"2026-03-09T09:21:01","slug":"strona-glowna","status":"publish","type":"page","link":"https:\/\/jawia.pl\/","title":{"rendered":""},"content":{"rendered":"\n<div class=\"wp-block-group\"><div class=\"wp-block-group__inner-container is-layout-constrained wp-block-group-is-layout-constrained\">\n<div class=\"wp-block-cover alignfull is-light\" style=\"min-height:779px;aspect-ratio:unset;\"><span aria-hidden=\"true\" class=\"wp-block-cover__background has-background-dim-0 has-background-dim\"><\/span><img decoding=\"async\" width=\"2048\" height=\"1366\" class=\"wp-block-cover__image-background wp-image-183 lazyload\" alt=\"\" data-src=\"http:\/\/jawia.isap.info.pl\/wp-content\/uploads\/2023\/02\/289768556_3266238916992084_2828092807798814801_n.jpg\" data-object-fit=\"cover\" data-srcset=\"https:\/\/jawia.pl\/wp-content\/uploads\/2023\/02\/289768556_3266238916992084_2828092807798814801_n.jpg 2048w, https:\/\/jawia.pl\/wp-content\/uploads\/2023\/02\/289768556_3266238916992084_2828092807798814801_n-300x200.jpg 300w, https:\/\/jawia.pl\/wp-content\/uploads\/2023\/02\/289768556_3266238916992084_2828092807798814801_n-1024x683.jpg 1024w, https:\/\/jawia.pl\/wp-content\/uploads\/2023\/02\/289768556_3266238916992084_2828092807798814801_n-768x512.jpg 768w, https:\/\/jawia.pl\/wp-content\/uploads\/2023\/02\/289768556_3266238916992084_2828092807798814801_n-1536x1025.jpg 1536w, https:\/\/jawia.pl\/wp-content\/uploads\/2023\/02\/289768556_3266238916992084_2828092807798814801_n-930x620.jpg 930w\" data-sizes=\"(max-width: 2048px) 100vw, 2048px\" src=\"data:image\/svg+xml;base64,PHN2ZyB3aWR0aD0iMSIgaGVpZ2h0PSIxIiB4bWxucz0iaHR0cDovL3d3dy53My5vcmcvMjAwMC9zdmciPjwvc3ZnPg==\" style=\"--smush-placeholder-width: 2048px; --smush-placeholder-aspect-ratio: 2048\/1366;\" \/><div class=\"wp-block-cover__inner-container is-layout-flow wp-block-cover-is-layout-flow\">\n<p class=\"has-text-align-center has-large-font-size\"><\/p>\n<\/div><\/div>\n<\/div><\/div>\n\n\n\n<div style=\"height:42px\" aria-hidden=\"true\" class=\"wp-block-spacer\"><\/div>\n\n\n\n<div class=\"wp-block-columns is-layout-flex wp-container-core-columns-is-layout-1 wp-block-columns-is-layout-flex\">\n<div class=\"wp-block-column is-layout-flow wp-block-column-is-layout-flow\" style=\"flex-basis:66.66%\">\n<h2 class=\"wp-block-heading\" id=\"Kim-jestesmy\">Stowarzyszenie JAWIA<\/h2>\n\n\n\n<p>W lutym 2014 r. grupa dobrych znajomych zebra\u0142a si\u0119 w D\u0105browie G\u00f3rniczej, stawiaj\u0105c sobie jeden wsp\u00f3lny cel \u2013 wsp\u00f3\u0142prac\u0119 w ramach organizacji, odkrywaj\u0105cej we wsp\u00f3\u0142czesnym \u015bwiecie spory skrawek zapomnianej historii polskich ziem.<\/p>\n\n\n\n<p>Od tego momentu do formalnego powstania Stowarzyszenia min\u0119\u0142o kilka miesi\u0119cy. Obecnie, w prawie niezmiennym sk\u0142adzie, realizujemy nasz ambitny plan poprzez szukanie, tworzenie i realizacj\u0119 projekt\u00f3w, kt\u00f3re s\u0105 zgodne z naszymi za\u0142o\u017ceniami. Chcemy si\u0119 rozwija\u0107 i pomaga\u0107 wszystkim tym, kt\u00f3rzy poJAWI\u0104 si\u0119 na naszej drodze. Mamy zapa\u0142 do dzia\u0142ania, wsp\u00f3lne marzenia oraz szacunek zar\u00f3wno do tego co \u201estare\u201d jak i \u201enowe\u201d.<\/p>\n\n\n\n<div class=\"wp-block-buttons is-layout-flex wp-block-buttons-is-layout-flex\">\n<div class=\"wp-block-button\"><a class=\"wp-block-button__link has-nv-c-2-background-color has-background wp-element-button\" href=\"https:\/\/jawia.pl\/?page_id=48\">DOWIEDZ SI\u0118 WI\u0118CEJ<\/a><\/div>\n\n\n\n<div class=\"wp-block-button\"><a class=\"wp-block-button__link wp-element-button\" href=\"https:\/\/jawia.pl\/?page_id=69\">STATUT<\/a><\/div>\n<\/div>\n<\/div>\n\n\n\n<div class=\"wp-block-column is-layout-flow wp-block-column-is-layout-flow\" style=\"flex-basis:33.33%\">\n<div class=\"wp-block-cover is-light\" style=\"min-height:378px;aspect-ratio:unset;\"><span aria-hidden=\"true\" class=\"wp-block-cover__background has-background-dim-0 has-background-dim\"><\/span><img decoding=\"async\" width=\"512\" height=\"512\" class=\"wp-block-cover__image-background wp-image-21 lazyload\" alt=\"\" data-src=\"http:\/\/jawia.isap.info.pl\/wp-content\/uploads\/2023\/02\/cropped-cropped-logo_jawia_mono.jpg\" data-object-fit=\"cover\" data-srcset=\"https:\/\/jawia.pl\/wp-content\/uploads\/2023\/02\/cropped-cropped-logo_jawia_mono.jpg 512w, https:\/\/jawia.pl\/wp-content\/uploads\/2023\/02\/cropped-cropped-logo_jawia_mono-300x300.jpg 300w, https:\/\/jawia.pl\/wp-content\/uploads\/2023\/02\/cropped-cropped-logo_jawia_mono-150x150.jpg 150w, https:\/\/jawia.pl\/wp-content\/uploads\/2023\/02\/cropped-cropped-logo_jawia_mono-60x60.jpg 60w, https:\/\/jawia.pl\/wp-content\/uploads\/2023\/02\/cropped-cropped-logo_jawia_mono-468x468.jpg 468w, https:\/\/jawia.pl\/wp-content\/uploads\/2023\/02\/cropped-cropped-logo_jawia_mono-270x270.jpg 270w, https:\/\/jawia.pl\/wp-content\/uploads\/2023\/02\/cropped-cropped-logo_jawia_mono-192x192.jpg 192w, https:\/\/jawia.pl\/wp-content\/uploads\/2023\/02\/cropped-cropped-logo_jawia_mono-180x180.jpg 180w, https:\/\/jawia.pl\/wp-content\/uploads\/2023\/02\/cropped-cropped-logo_jawia_mono-32x32.jpg 32w\" data-sizes=\"(max-width: 512px) 100vw, 512px\" src=\"data:image\/svg+xml;base64,PHN2ZyB3aWR0aD0iMSIgaGVpZ2h0PSIxIiB4bWxucz0iaHR0cDovL3d3dy53My5vcmcvMjAwMC9zdmciPjwvc3ZnPg==\" style=\"--smush-placeholder-width: 512px; --smush-placeholder-aspect-ratio: 512\/512;\" \/><div class=\"wp-block-cover__inner-container is-layout-flow wp-block-cover-is-layout-flow\">\n<p class=\"has-text-align-center has-large-font-size\"><\/p>\n<\/div><\/div>\n<\/div>\n<\/div>\n\n\n\n<div style=\"height:27px\" aria-hidden=\"true\" class=\"wp-block-spacer\"><\/div>\n\n\n\n<div class=\"wp-block-group\"><div class=\"wp-block-group__inner-container is-layout-constrained wp-block-group-is-layout-constrained\">\n<div class=\"wp-block-columns alignfull is-layout-flex wp-container-core-columns-is-layout-4 wp-block-columns-is-layout-flex\">\n<div class=\"wp-block-column is-layout-flow wp-block-column-is-layout-flow\" style=\"flex-basis:100%\">\n<div class=\"wp-block-columns is-layout-flex wp-container-core-columns-is-layout-2 wp-block-columns-is-layout-flex\"><\/div>\n\n\n\n<div style=\"height:16px\" aria-hidden=\"true\" id=\"darowizna\" class=\"wp-block-spacer\"><\/div>\n\n\n\n<div class=\"wp-block-group alignfull has-nv-light-bg-background-color has-background\"><div class=\"wp-block-group__inner-container is-layout-constrained wp-block-group-is-layout-constrained\">\n<div class=\"wp-block-columns is-layout-flex wp-container-core-columns-is-layout-3 wp-block-columns-is-layout-flex\">\n<div class=\"wp-block-column is-layout-flow wp-block-column-is-layout-flow\" style=\"flex-basis:25%\"><\/div>\n\n\n\n<div class=\"wp-block-column is-layout-flow wp-block-column-is-layout-flow\" style=\"flex-basis:50%\">\n<div style=\"height:36px\" aria-hidden=\"true\" class=\"wp-block-spacer\"><\/div>\n\n\n\n<h2 class=\"wp-block-heading has-text-align-center has-neve-text-color-color has-text-color\">PRZEKA\u017b DAROWIZN\u0118<\/h2>\n\n\n\n<p class=\"has-text-align-center has-neve-text-color-color has-text-color\"><strong>STOWARZYSZENIE KRZEWIENIA KULTURY S\u0141OWIA\u0143SKIEJ JAWIA<\/strong><br>REGON:&nbsp; 243637522<br>NIP:&nbsp; 6292470111<br>KRS: 0000515690<\/p>\n\n\n\n<p class=\"has-text-align-center has-neve-text-color-color has-text-color\"><strong>Darowizny prosimy wp\u0142aca\u0107 na\u00a0konto bankowe (mBank):<br><\/strong>68109020080000000161150984<\/p>\n\n\n\n<p class=\"has-text-align-center has-neve-text-color-color has-text-color\"><strong>Tytu\u0142 przelewu: <\/strong><br>Darowizna na cele statutowe <br><\/p>\n<\/div>\n\n\n\n<div class=\"wp-block-column is-layout-flow wp-block-column-is-layout-flow\" style=\"flex-basis:25%\"><\/div>\n<\/div>\n<\/div><\/div>\n\n\n\n<figure class=\"wp-block-gallery has-nested-images columns-default is-cropped wp-block-gallery-1 is-layout-flex wp-block-gallery-is-layout-flex\">\n<figure class=\"wp-block-image size-large\"><img decoding=\"async\" width=\"1024\" height=\"683\" data-src=\"http:\/\/jawia.isap.info.pl\/wp-content\/uploads\/2023\/02\/289766326_3266239780325331_4460020465105068991_n-1024x683.jpg\" alt=\"\" class=\"wp-image-177 lazyload\" data-srcset=\"https:\/\/jawia.pl\/wp-content\/uploads\/2023\/02\/289766326_3266239780325331_4460020465105068991_n-1024x683.jpg 1024w, https:\/\/jawia.pl\/wp-content\/uploads\/2023\/02\/289766326_3266239780325331_4460020465105068991_n-300x200.jpg 300w, https:\/\/jawia.pl\/wp-content\/uploads\/2023\/02\/289766326_3266239780325331_4460020465105068991_n-768x512.jpg 768w, https:\/\/jawia.pl\/wp-content\/uploads\/2023\/02\/289766326_3266239780325331_4460020465105068991_n-1536x1025.jpg 1536w, https:\/\/jawia.pl\/wp-content\/uploads\/2023\/02\/289766326_3266239780325331_4460020465105068991_n-930x620.jpg 930w, https:\/\/jawia.pl\/wp-content\/uploads\/2023\/02\/289766326_3266239780325331_4460020465105068991_n.jpg 2048w\" data-sizes=\"(max-width: 1024px) 100vw, 1024px\" src=\"data:image\/svg+xml;base64,PHN2ZyB3aWR0aD0iMSIgaGVpZ2h0PSIxIiB4bWxucz0iaHR0cDovL3d3dy53My5vcmcvMjAwMC9zdmciPjwvc3ZnPg==\" style=\"--smush-placeholder-width: 1024px; --smush-placeholder-aspect-ratio: 1024\/683;\" \/><\/figure>\n\n\n\n<figure class=\"wp-block-image size-large\"><img decoding=\"async\" width=\"1024\" height=\"683\" data-src=\"http:\/\/jawia.isap.info.pl\/wp-content\/uploads\/2023\/02\/289819029_3266239873658655_1534768898137812393_n-1024x683.jpg\" alt=\"\" class=\"wp-image-39 lazyload\" data-srcset=\"https:\/\/jawia.pl\/wp-content\/uploads\/2023\/02\/289819029_3266239873658655_1534768898137812393_n-1024x683.jpg 1024w, https:\/\/jawia.pl\/wp-content\/uploads\/2023\/02\/289819029_3266239873658655_1534768898137812393_n-300x200.jpg 300w, https:\/\/jawia.pl\/wp-content\/uploads\/2023\/02\/289819029_3266239873658655_1534768898137812393_n-768x512.jpg 768w, https:\/\/jawia.pl\/wp-content\/uploads\/2023\/02\/289819029_3266239873658655_1534768898137812393_n-1536x1025.jpg 1536w, https:\/\/jawia.pl\/wp-content\/uploads\/2023\/02\/289819029_3266239873658655_1534768898137812393_n-930x620.jpg 930w, https:\/\/jawia.pl\/wp-content\/uploads\/2023\/02\/289819029_3266239873658655_1534768898137812393_n.jpg 2048w\" data-sizes=\"(max-width: 1024px) 100vw, 1024px\" src=\"data:image\/svg+xml;base64,PHN2ZyB3aWR0aD0iMSIgaGVpZ2h0PSIxIiB4bWxucz0iaHR0cDovL3d3dy53My5vcmcvMjAwMC9zdmciPjwvc3ZnPg==\" style=\"--smush-placeholder-width: 1024px; --smush-placeholder-aspect-ratio: 1024\/683;\" \/><\/figure>\n\n\n\n<figure class=\"wp-block-image size-large\"><img decoding=\"async\" width=\"1024\" height=\"683\" data-src=\"http:\/\/jawia.isap.info.pl\/wp-content\/uploads\/2023\/02\/289668325_3266239916991984_361866126871258568_n-1024x683.jpg\" alt=\"\" class=\"wp-image-174 lazyload\" data-srcset=\"https:\/\/jawia.pl\/wp-content\/uploads\/2023\/02\/289668325_3266239916991984_361866126871258568_n-1024x683.jpg 1024w, https:\/\/jawia.pl\/wp-content\/uploads\/2023\/02\/289668325_3266239916991984_361866126871258568_n-300x200.jpg 300w, https:\/\/jawia.pl\/wp-content\/uploads\/2023\/02\/289668325_3266239916991984_361866126871258568_n-768x512.jpg 768w, https:\/\/jawia.pl\/wp-content\/uploads\/2023\/02\/289668325_3266239916991984_361866126871258568_n-1536x1025.jpg 1536w, https:\/\/jawia.pl\/wp-content\/uploads\/2023\/02\/289668325_3266239916991984_361866126871258568_n-930x620.jpg 930w, https:\/\/jawia.pl\/wp-content\/uploads\/2023\/02\/289668325_3266239916991984_361866126871258568_n.jpg 2048w\" data-sizes=\"(max-width: 1024px) 100vw, 1024px\" src=\"data:image\/svg+xml;base64,PHN2ZyB3aWR0aD0iMSIgaGVpZ2h0PSIxIiB4bWxucz0iaHR0cDovL3d3dy53My5vcmcvMjAwMC9zdmciPjwvc3ZnPg==\" style=\"--smush-placeholder-width: 1024px; --smush-placeholder-aspect-ratio: 1024\/683;\" \/><\/figure>\n<\/figure>\n<\/div>\n<\/div>\n<\/div><\/div>\n\n\n\n<div class=\"wp-block-group alignfull has-neve-text-color-background-color has-background\"><div class=\"wp-block-group__inner-container is-layout-constrained wp-block-group-is-layout-constrained\"><\/div><\/div>\n","protected":false},"excerpt":{"rendered":"<p>Stowarzyszenie JAWIA W lutym 2014 r. grupa dobrych znajomych zebra\u0142a si\u0119 w D\u0105browie G\u00f3rniczej, stawiaj\u0105c sobie jeden wsp\u00f3lny cel \u2013 wsp\u00f3\u0142prac\u0119 w ramach organizacji, odkrywaj\u0105cej we wsp\u00f3\u0142czesnym \u015bwiecie spory skrawek zapomnianej historii polskich ziem. Od tego momentu do formalnego powstania Stowarzyszenia min\u0119\u0142o kilka miesi\u0119cy. Obecnie, w prawie niezmiennym sk\u0142adzie, realizujemy nasz ambitny plan poprzez szukanie,&hellip;&nbsp;<a href=\"https:\/\/jawia.pl\/\" class=\"\" rel=\"bookmark\">Dowiedz si\u0119 wi\u0119cej &raquo;<span class=\"screen-reader-text\"><\/span><\/a><\/p>\n","protected":false},"author":1,"featured_media":0,"parent":0,"menu_order":0,"comment_status":"closed","ping_status":"closed","template":"","meta":{"neve_meta_sidebar":"","neve_meta_container":"","neve_meta_enable_content_width":"","neve_meta_content_width":0,"neve_meta_title_alignment":"","neve_meta_author_avatar":"","neve_post_elements_order":"","neve_meta_disable_header":"","neve_meta_disable_footer":"","neve_meta_disable_title":"","footnotes":""},"class_list":["post-5","page","type-page","status-publish","hentry"],"_links":{"self":[{"href":"https:\/\/jawia.pl\/index.php?rest_route=\/wp\/v2\/pages\/5"}],"collection":[{"href":"https:\/\/jawia.pl\/index.php?rest_route=\/wp\/v2\/pages"}],"about":[{"href":"https:\/\/jawia.pl\/index.php?rest_route=\/wp\/v2\/types\/page"}],"author":[{"embeddable":true,"href":"https:\/\/jawia.pl\/index.php?rest_route=\/wp\/v2\/users\/1"}],"replies":[{"embeddable":true,"href":"https:\/\/jawia.pl\/index.php?rest_route=%2Fwp%2Fv2%2Fcomments&post=5"}],"version-history":[{"count":72,"href":"https:\/\/jawia.pl\/index.php?rest_route=\/wp\/v2\/pages\/5\/revisions"}],"predecessor-version":[{"id":334,"href":"https:\/\/jawia.pl\/index.php?rest_route=\/wp\/v2\/pages\/5\/revisions\/334"}],"wp:attachment":[{"href":"https:\/\/jawia.pl\/index.php?rest_route=%2Fwp%2Fv2%2Fmedia&parent=5"}],"curies":[{"name":"wp","href":"https:\/\/api.w.org\/{rel}","templated":true}]}}