{"id":73,"date":"2023-02-05T10:34:26","date_gmt":"2023-02-05T10:34:26","guid":{"rendered":"http:\/\/jawia.isap.info.pl\/?page_id=73"},"modified":"2024-03-10T12:38:53","modified_gmt":"2024-03-10T12:38:53","slug":"sprawozdania-finansowe","status":"publish","type":"page","link":"https:\/\/jawia.pl\/?page_id=73","title":{"rendered":"Sprawozdania finansowe"},"content":{"rendered":"\n<p>Przedstawiamy sprawozdania finansowe za dotychczasowe lata dzia\u0142alno\u015bci Stowarzyszenia Krzewienia Kultury S\u0142owia\u0144skiej &#8222;JAWIA&#8221;<br>W razie pyta\u0144 lub w\u0105tpliwo\u015bci zapraszamy do kontaktu skks.jawia@admin<\/p>\n\n\n\n<div class=\"wp-block-buttons is-layout-flex wp-block-buttons-is-layout-flex\">\n<div class=\"wp-block-button\"><a class=\"wp-block-button__link wp-element-button\" href=\"https:\/\/drive.google.com\/drive\/folders\/1FURdnU22D4-BZamm_VMoZMxQ-EdWamgh?usp=sharing\" target=\"_blank\" rel=\"noreferrer noopener\">Sprawozdania finansowe<\/a><\/div>\n\n\n\n<div class=\"wp-block-button\"><a class=\"wp-block-button__link wp-element-button\" href=\"https:\/\/drive.google.com\/drive\/folders\/1oytYm2UOlXc3VZ4Md188yJpzRpshIzNY?usp=sharing\" target=\"_blank\" rel=\"noreferrer noopener\">O\u015bwiadczenia o darowiznach<\/a><\/div>\n<\/div>\n\n\n\n<div style=\"height:40px\" aria-hidden=\"true\" class=\"wp-block-spacer\"><\/div>\n\n\n\n<figure class=\"wp-block-gallery alignfull has-nested-images columns-default is-cropped wp-block-gallery-1 is-layout-flex wp-block-gallery-is-layout-flex\">\n<figure class=\"wp-block-image size-large\"><img decoding=\"async\" width=\"1024\" height=\"683\" data-id=\"198\" data-src=\"http:\/\/jawia.isap.info.pl\/wp-content\/uploads\/2023\/02\/289766326_3266239780325331_4460020465105068991_n-1-1024x683.jpg\" alt=\"\" class=\"wp-image-198 lazyload\" data-srcset=\"https:\/\/jawia.pl\/wp-content\/uploads\/2023\/02\/289766326_3266239780325331_4460020465105068991_n-1-1024x683.jpg 1024w, https:\/\/jawia.pl\/wp-content\/uploads\/2023\/02\/289766326_3266239780325331_4460020465105068991_n-1-300x200.jpg 300w, https:\/\/jawia.pl\/wp-content\/uploads\/2023\/02\/289766326_3266239780325331_4460020465105068991_n-1-768x512.jpg 768w, https:\/\/jawia.pl\/wp-content\/uploads\/2023\/02\/289766326_3266239780325331_4460020465105068991_n-1-1536x1025.jpg 1536w, https:\/\/jawia.pl\/wp-content\/uploads\/2023\/02\/289766326_3266239780325331_4460020465105068991_n-1-930x620.jpg 930w, https:\/\/jawia.pl\/wp-content\/uploads\/2023\/02\/289766326_3266239780325331_4460020465105068991_n-1.jpg 2048w\" data-sizes=\"(max-width: 1024px) 100vw, 1024px\" src=\"data:image\/svg+xml;base64,PHN2ZyB3aWR0aD0iMSIgaGVpZ2h0PSIxIiB4bWxucz0iaHR0cDovL3d3dy53My5vcmcvMjAwMC9zdmciPjwvc3ZnPg==\" style=\"--smush-placeholder-width: 1024px; --smush-placeholder-aspect-ratio: 1024\/683;\" \/><\/figure>\n\n\n\n<figure class=\"wp-block-image size-large\"><img decoding=\"async\" width=\"1024\" height=\"683\" data-id=\"199\" data-src=\"http:\/\/jawia.isap.info.pl\/wp-content\/uploads\/2023\/02\/289778075_3266239836991992_6610669085801260605_n-1024x683.jpg\" alt=\"\" class=\"wp-image-199 lazyload\" data-srcset=\"https:\/\/jawia.pl\/wp-content\/uploads\/2023\/02\/289778075_3266239836991992_6610669085801260605_n-1024x683.jpg 1024w, https:\/\/jawia.pl\/wp-content\/uploads\/2023\/02\/289778075_3266239836991992_6610669085801260605_n-300x200.jpg 300w, https:\/\/jawia.pl\/wp-content\/uploads\/2023\/02\/289778075_3266239836991992_6610669085801260605_n-768x512.jpg 768w, https:\/\/jawia.pl\/wp-content\/uploads\/2023\/02\/289778075_3266239836991992_6610669085801260605_n-1536x1025.jpg 1536w, https:\/\/jawia.pl\/wp-content\/uploads\/2023\/02\/289778075_3266239836991992_6610669085801260605_n-930x620.jpg 930w, https:\/\/jawia.pl\/wp-content\/uploads\/2023\/02\/289778075_3266239836991992_6610669085801260605_n.jpg 2048w\" data-sizes=\"(max-width: 1024px) 100vw, 1024px\" src=\"data:image\/svg+xml;base64,PHN2ZyB3aWR0aD0iMSIgaGVpZ2h0PSIxIiB4bWxucz0iaHR0cDovL3d3dy53My5vcmcvMjAwMC9zdmciPjwvc3ZnPg==\" style=\"--smush-placeholder-width: 1024px; --smush-placeholder-aspect-ratio: 1024\/683;\" \/><\/figure>\n\n\n\n<figure class=\"wp-block-image size-large\"><img decoding=\"async\" width=\"1024\" height=\"683\" data-id=\"200\" data-src=\"http:\/\/jawia.isap.info.pl\/wp-content\/uploads\/2023\/02\/289668325_3266239916991984_361866126871258568_n-1-1024x683.jpg\" alt=\"\" class=\"wp-image-200 lazyload\" data-srcset=\"https:\/\/jawia.pl\/wp-content\/uploads\/2023\/02\/289668325_3266239916991984_361866126871258568_n-1-1024x683.jpg 1024w, https:\/\/jawia.pl\/wp-content\/uploads\/2023\/02\/289668325_3266239916991984_361866126871258568_n-1-300x200.jpg 300w, https:\/\/jawia.pl\/wp-content\/uploads\/2023\/02\/289668325_3266239916991984_361866126871258568_n-1-768x512.jpg 768w, https:\/\/jawia.pl\/wp-content\/uploads\/2023\/02\/289668325_3266239916991984_361866126871258568_n-1-1536x1025.jpg 1536w, https:\/\/jawia.pl\/wp-content\/uploads\/2023\/02\/289668325_3266239916991984_361866126871258568_n-1-930x620.jpg 930w, https:\/\/jawia.pl\/wp-content\/uploads\/2023\/02\/289668325_3266239916991984_361866126871258568_n-1.jpg 2048w\" data-sizes=\"(max-width: 1024px) 100vw, 1024px\" src=\"data:image\/svg+xml;base64,PHN2ZyB3aWR0aD0iMSIgaGVpZ2h0PSIxIiB4bWxucz0iaHR0cDovL3d3dy53My5vcmcvMjAwMC9zdmciPjwvc3ZnPg==\" style=\"--smush-placeholder-width: 1024px; --smush-placeholder-aspect-ratio: 1024\/683;\" \/><\/figure>\n<\/figure>\n\n\n\n<div style=\"height:40px\" aria-hidden=\"true\" class=\"wp-block-spacer\"><\/div>\n","protected":false},"excerpt":{"rendered":"<p>Przedstawiamy sprawozdania finansowe za dotychczasowe lata dzia\u0142alno\u015bci Stowarzyszenia Krzewienia Kultury S\u0142owia\u0144skiej &#8222;JAWIA&#8221;W razie pyta\u0144 lub w\u0105tpliwo\u015bci zapraszamy do kontaktu skks.jawia@admin<\/p>\n","protected":false},"author":1,"featured_media":0,"parent":0,"menu_order":0,"comment_status":"closed","ping_status":"closed","template":"","meta":{"neve_meta_sidebar":"","neve_meta_container":"","neve_meta_enable_content_width":"","neve_meta_content_width":0,"neve_meta_title_alignment":"","neve_meta_author_avatar":"","neve_post_elements_order":"","neve_meta_disable_header":"","neve_meta_disable_footer":"","neve_meta_disable_title":"","footnotes":""},"class_list":["post-73","page","type-page","status-publish","hentry"],"_links":{"self":[{"href":"https:\/\/jawia.pl\/index.php?rest_route=\/wp\/v2\/pages\/73"}],"collection":[{"href":"https:\/\/jawia.pl\/index.php?rest_route=\/wp\/v2\/pages"}],"about":[{"href":"https:\/\/jawia.pl\/index.php?rest_route=\/wp\/v2\/types\/page"}],"author":[{"embeddable":true,"href":"https:\/\/jawia.pl\/index.php?rest_route=\/wp\/v2\/users\/1"}],"replies":[{"embeddable":true,"href":"https:\/\/jawia.pl\/index.php?rest_route=%2Fwp%2Fv2%2Fcomments&post=73"}],"version-history":[{"count":15,"href":"https:\/\/jawia.pl\/index.php?rest_route=\/wp\/v2\/pages\/73\/revisions"}],"predecessor-version":[{"id":295,"href":"https:\/\/jawia.pl\/index.php?rest_route=\/wp\/v2\/pages\/73\/revisions\/295"}],"wp:attachment":[{"href":"https:\/\/jawia.pl\/index.php?rest_route=%2Fwp%2Fv2%2Fmedia&parent=73"}],"curies":[{"name":"wp","href":"https:\/\/api.w.org\/{rel}","templated":true}]}}