{"id":94,"date":"2023-02-05T10:49:33","date_gmt":"2023-02-05T10:49:33","guid":{"rendered":"http:\/\/jawia.isap.info.pl\/?page_id=94"},"modified":"2024-10-19T06:51:26","modified_gmt":"2024-10-19T06:51:26","slug":"dolacz-do-nas","status":"publish","type":"page","link":"https:\/\/jawia.pl\/?page_id=94","title":{"rendered":"Do\u0142\u0105cz do nas!"},"content":{"rendered":"\n<p>Interesujesz si\u0119 pradawn\u0105 kultur\u0105 S\u0142owian, ich tradycjami, wierzeniami, sztuk\u0105? Chcesz odkrywa\u0107 i propagowa\u0107 zapomnian\u0105, pomijan\u0105 histori\u0119 ziem polskich oraz plemion&nbsp;s\u0142owia\u0144skich? Zale\u017cy Ci na ochronie \u015brodowiska naturalnego, jako dziedzictwa, kt\u00f3re przej\u0119li\u015bmy&nbsp;od naszych przodk\u00f3w?<\/p>\n\n\n\n<p><strong>Do\u0142\u0105cz do nas!<\/strong><\/p>\n\n\n\n<p>Zrzeszamy si\u0119 by wsp\u00f3lnie zadba\u0107 o to, by pami\u0119\u0107 o naszych pradawnych, rodzimych zwyczajach&nbsp;by\u0142a wiecznie \u017cywa.<\/p>\n\n\n\n<p>Szukamy os\u00f3b z g\u0142owami pe\u0142nymi pomys\u0142\u00f3w, ch\u0119tnych do dzia\u0142ania na rzecz pami\u0119ci o&nbsp;naszym&nbsp;dziedzictwie. Je\u015bli uwa\u017casz, \u017ce mo\u017cesz pom\u00f3c w organizacji imprez, wyk\u0142ad\u00f3w, wydarze\u0144&nbsp;kulturalnych czy w inny spos\u00f3b wesprze\u0107 nasz\u0105 dzia\u0142alno\u015b\u0107 \u2013 zosta\u0144 cz\u0142onkiem stowarzyszenia!<\/p>\n\n\n\n<h3 class=\"wp-block-heading\"><strong>Chcesz zosta\u0107 cz\u0142onkiem zwyczajnym?<\/strong><\/h3>\n\n\n\n<p>Koniecznie zapoznaj si\u0119 ze statutem stowarzyszenia. Upewnij si\u0119, \u017ce nasze cele i misja s\u0105 Ci&nbsp;bliskie.<\/p>\n\n\n\n<p>Nast\u0119pnie podejmij 2 proste kroki<\/p>\n\n\n\n<p><strong>Krok 1 Wype\u0142nij deklaracj\u0119 cz\u0142onkowsk\u0105<\/strong>:<\/p>\n\n\n\n<div class=\"wp-block-buttons is-layout-flex wp-block-buttons-is-layout-flex\">\n<div class=\"wp-block-button\"><a class=\"wp-block-button__link wp-element-button\" href=\"https:\/\/docs.google.com\/document\/d\/1hkvSNUhY42uaUKFRZ_k2Kxi_YZCXhGm_\/edit?usp=drive_link&amp;ouid=106794749704734982334&amp;rtpof=true&amp;sd=true\" target=\"_blank\" rel=\"noreferrer noopener nofollow\">POBIERZ<\/a><\/div>\n<\/div>\n\n\n\n<p><strong>Krok 2 Prze\u015blij dokumenty w formie elektronicznej do Sekretarza Stowarzyszenia na adres e-mail: skks.jawia@gmail.com<\/strong><\/p>\n\n\n\n<p>Po dokonaniu uchwa\u0142y zarz\u0105du mo\u017cesz do\u0142\u0105czy\u0107 do grona pe\u0142noprawnych&nbsp;cz\u0142onk\u00f3w stowarzyszenia.<\/p>\n\n\n\n<h3 class=\"wp-block-heading\"><strong>Chcesz zosta\u0107 cz\u0142onkiem wspieraj\u0105cym?<\/strong><\/h3>\n\n\n\n<p>Jeste\u015b osob\u0105 fizyczn\u0105 lub prawn\u0105 i chcesz wesprze\u0107 dzia\u0142alno\u015b\u0107 stowarzyszenia poprzez pomoc&nbsp;finansow\u0105, rzeczow\u0105 lub merytoryczn\u0105?<\/p>\n\n\n\n<p>Koniecznie zapoznaj si\u0119 ze statutem stowarzyszenia. Upewnij si\u0119, \u017ce nasze cele i misja s\u0105 Ci&nbsp;bliskie.<\/p>\n\n\n\n<p><strong>Krok 1 Wype\u0142nij deklaracj\u0119 cz\u0142onkowsk\u0105<\/strong>. <\/p>\n\n\n\n<div class=\"wp-block-buttons is-layout-flex wp-block-buttons-is-layout-flex\">\n<div class=\"wp-block-button\"><a class=\"wp-block-button__link wp-element-button\" href=\"https:\/\/docs.google.com\/document\/d\/1hkvSNUhY42uaUKFRZ_k2Kxi_YZCXhGm_\/edit?usp=drive_link&amp;ouid=106794749704734982334&amp;rtpof=true&amp;sd=true\" target=\"_blank\" rel=\"noreferrer noopener nofollow\">POBIERZ<\/a><\/div>\n<\/div>\n\n\n\n<p><strong>Krok 2 Prze\u015blij dokumenty w formie elektronicznej do Sekretarza Stowarzyszenia na adres e-mail: skks.jawia@gmail.com<\/strong><\/p>\n\n\n\n<p>Twoja kandydatura zostanie poddana g\u0142osowaniu. W przeci\u0105gu 2 miesi\u0119cy od daty z\u0142o\u017cenia&nbsp;deklaracji, uchwa\u0142\u0105 zarz\u0105du mo\u017cesz zosta\u0107 mianowany naszym cz\u0142onkiem wspieraj\u0105cym.<\/p>\n\n\n<div class=\"wp-block-image\">\n<figure class=\"aligncenter\" id=\"attachment_1341\"><img decoding=\"async\" data-src=\"https:\/\/i2.wp.com\/jawia.pl\/wp-content\/uploads\/2015\/03\/obowiazki-dolacz-do-nas-jawia.jpg?resize=577%2C383\" alt=\"\" class=\"wp-image-1341 lazyload\" src=\"data:image\/svg+xml;base64,PHN2ZyB3aWR0aD0iMSIgaGVpZ2h0PSIxIiB4bWxucz0iaHR0cDovL3d3dy53My5vcmcvMjAwMC9zdmciPjwvc3ZnPg==\" \/><figcaption class=\"wp-element-caption\">Fragment&nbsp;<a href=\"http:\/\/jawia.pl\/wp-content\/uploads\/2015\/03\/Statut.pdf\">statutu<\/a>&nbsp;Stowarzyszenia<\/figcaption><\/figure><\/div>\n\n\n<div style=\"height:40px\" aria-hidden=\"true\" class=\"wp-block-spacer\"><\/div>\n\n\n\n<figure class=\"wp-block-gallery alignfull has-nested-images columns-default is-cropped wp-block-gallery-1 is-layout-flex wp-block-gallery-is-layout-flex\">\n<figure class=\"wp-block-image size-large\"><img decoding=\"async\" width=\"1024\" height=\"683\" data-id=\"197\" data-src=\"http:\/\/jawia.isap.info.pl\/wp-content\/uploads\/2023\/02\/289681864_3266239263658716_1086300575735138442_n-1024x683.jpg\" alt=\"\" class=\"wp-image-197 lazyload\" data-srcset=\"https:\/\/jawia.pl\/wp-content\/uploads\/2023\/02\/289681864_3266239263658716_1086300575735138442_n-1024x683.jpg 1024w, https:\/\/jawia.pl\/wp-content\/uploads\/2023\/02\/289681864_3266239263658716_1086300575735138442_n-300x200.jpg 300w, https:\/\/jawia.pl\/wp-content\/uploads\/2023\/02\/289681864_3266239263658716_1086300575735138442_n-768x512.jpg 768w, https:\/\/jawia.pl\/wp-content\/uploads\/2023\/02\/289681864_3266239263658716_1086300575735138442_n-1536x1025.jpg 1536w, https:\/\/jawia.pl\/wp-content\/uploads\/2023\/02\/289681864_3266239263658716_1086300575735138442_n-930x620.jpg 930w, https:\/\/jawia.pl\/wp-content\/uploads\/2023\/02\/289681864_3266239263658716_1086300575735138442_n.jpg 2048w\" data-sizes=\"(max-width: 1024px) 100vw, 1024px\" src=\"data:image\/svg+xml;base64,PHN2ZyB3aWR0aD0iMSIgaGVpZ2h0PSIxIiB4bWxucz0iaHR0cDovL3d3dy53My5vcmcvMjAwMC9zdmciPjwvc3ZnPg==\" style=\"--smush-placeholder-width: 1024px; --smush-placeholder-aspect-ratio: 1024\/683;\" \/><\/figure>\n\n\n\n<figure class=\"wp-block-image size-large\"><img decoding=\"async\" width=\"1024\" height=\"683\" data-id=\"189\" data-src=\"http:\/\/jawia.isap.info.pl\/wp-content\/uploads\/2023\/02\/289714726_3266238590325450_119367163436227456_n-1024x683.jpg\" alt=\"\" class=\"wp-image-189 lazyload\" data-srcset=\"https:\/\/jawia.pl\/wp-content\/uploads\/2023\/02\/289714726_3266238590325450_119367163436227456_n-1024x683.jpg 1024w, https:\/\/jawia.pl\/wp-content\/uploads\/2023\/02\/289714726_3266238590325450_119367163436227456_n-300x200.jpg 300w, https:\/\/jawia.pl\/wp-content\/uploads\/2023\/02\/289714726_3266238590325450_119367163436227456_n-768x512.jpg 768w, https:\/\/jawia.pl\/wp-content\/uploads\/2023\/02\/289714726_3266238590325450_119367163436227456_n-1536x1025.jpg 1536w, https:\/\/jawia.pl\/wp-content\/uploads\/2023\/02\/289714726_3266238590325450_119367163436227456_n-930x620.jpg 930w, https:\/\/jawia.pl\/wp-content\/uploads\/2023\/02\/289714726_3266238590325450_119367163436227456_n.jpg 2048w\" data-sizes=\"(max-width: 1024px) 100vw, 1024px\" src=\"data:image\/svg+xml;base64,PHN2ZyB3aWR0aD0iMSIgaGVpZ2h0PSIxIiB4bWxucz0iaHR0cDovL3d3dy53My5vcmcvMjAwMC9zdmciPjwvc3ZnPg==\" style=\"--smush-placeholder-width: 1024px; --smush-placeholder-aspect-ratio: 1024\/683;\" \/><\/figure>\n\n\n\n<figure class=\"wp-block-image size-large\"><img decoding=\"async\" width=\"1024\" height=\"683\" data-id=\"196\" data-src=\"http:\/\/jawia.isap.info.pl\/wp-content\/uploads\/2023\/02\/289768556_3266238916992084_2828092807798814801_n-1-1024x683.jpg\" alt=\"\" class=\"wp-image-196 lazyload\" data-srcset=\"https:\/\/jawia.pl\/wp-content\/uploads\/2023\/02\/289768556_3266238916992084_2828092807798814801_n-1-1024x683.jpg 1024w, https:\/\/jawia.pl\/wp-content\/uploads\/2023\/02\/289768556_3266238916992084_2828092807798814801_n-1-300x200.jpg 300w, https:\/\/jawia.pl\/wp-content\/uploads\/2023\/02\/289768556_3266238916992084_2828092807798814801_n-1-768x512.jpg 768w, https:\/\/jawia.pl\/wp-content\/uploads\/2023\/02\/289768556_3266238916992084_2828092807798814801_n-1-1536x1025.jpg 1536w, https:\/\/jawia.pl\/wp-content\/uploads\/2023\/02\/289768556_3266238916992084_2828092807798814801_n-1-930x620.jpg 930w, https:\/\/jawia.pl\/wp-content\/uploads\/2023\/02\/289768556_3266238916992084_2828092807798814801_n-1.jpg 2048w\" data-sizes=\"(max-width: 1024px) 100vw, 1024px\" src=\"data:image\/svg+xml;base64,PHN2ZyB3aWR0aD0iMSIgaGVpZ2h0PSIxIiB4bWxucz0iaHR0cDovL3d3dy53My5vcmcvMjAwMC9zdmciPjwvc3ZnPg==\" style=\"--smush-placeholder-width: 1024px; --smush-placeholder-aspect-ratio: 1024\/683;\" \/><\/figure>\n<\/figure>\n\n\n\n<div style=\"height:21px\" aria-hidden=\"true\" class=\"wp-block-spacer\"><\/div>\n","protected":false},"excerpt":{"rendered":"<p>Interesujesz si\u0119 pradawn\u0105 kultur\u0105 S\u0142owian, ich tradycjami, wierzeniami, sztuk\u0105? Chcesz odkrywa\u0107 i propagowa\u0107 zapomnian\u0105, pomijan\u0105 histori\u0119 ziem polskich oraz plemion&nbsp;s\u0142owia\u0144skich? Zale\u017cy Ci na ochronie \u015brodowiska naturalnego, jako dziedzictwa, kt\u00f3re przej\u0119li\u015bmy&nbsp;od naszych przodk\u00f3w? Do\u0142\u0105cz do nas! Zrzeszamy si\u0119 by wsp\u00f3lnie zadba\u0107 o to, by pami\u0119\u0107 o naszych pradawnych, rodzimych zwyczajach&nbsp;by\u0142a wiecznie \u017cywa. Szukamy os\u00f3b z g\u0142owami&hellip;&nbsp;<a href=\"https:\/\/jawia.pl\/?page_id=94\" class=\"\" rel=\"bookmark\">Dowiedz si\u0119 wi\u0119cej &raquo;<span class=\"screen-reader-text\">Do\u0142\u0105cz do nas!<\/span><\/a><\/p>\n","protected":false},"author":1,"featured_media":0,"parent":0,"menu_order":0,"comment_status":"closed","ping_status":"closed","template":"","meta":{"neve_meta_sidebar":"","neve_meta_container":"","neve_meta_enable_content_width":"","neve_meta_content_width":0,"neve_meta_title_alignment":"","neve_meta_author_avatar":"","neve_post_elements_order":"","neve_meta_disable_header":"","neve_meta_disable_footer":"","neve_meta_disable_title":"","footnotes":""},"class_list":["post-94","page","type-page","status-publish","hentry"],"_links":{"self":[{"href":"https:\/\/jawia.pl\/index.php?rest_route=\/wp\/v2\/pages\/94"}],"collection":[{"href":"https:\/\/jawia.pl\/index.php?rest_route=\/wp\/v2\/pages"}],"about":[{"href":"https:\/\/jawia.pl\/index.php?rest_route=\/wp\/v2\/types\/page"}],"author":[{"embeddable":true,"href":"https:\/\/jawia.pl\/index.php?rest_route=\/wp\/v2\/users\/1"}],"replies":[{"embeddable":true,"href":"https:\/\/jawia.pl\/index.php?rest_route=%2Fwp%2Fv2%2Fcomments&post=94"}],"version-history":[{"count":7,"href":"https:\/\/jawia.pl\/index.php?rest_route=\/wp\/v2\/pages\/94\/revisions"}],"predecessor-version":[{"id":315,"href":"https:\/\/jawia.pl\/index.php?rest_route=\/wp\/v2\/pages\/94\/revisions\/315"}],"wp:attachment":[{"href":"https:\/\/jawia.pl\/index.php?rest_route=%2Fwp%2Fv2%2Fmedia&parent=94"}],"curies":[{"name":"wp","href":"https:\/\/api.w.org\/{rel}","templated":true}]}}