{"id":98,"date":"2023-02-05T10:51:15","date_gmt":"2023-02-05T10:51:15","guid":{"rendered":"http:\/\/jawia.isap.info.pl\/?page_id=98"},"modified":"2023-02-05T12:15:56","modified_gmt":"2023-02-05T12:15:56","slug":"wspolpraca","status":"publish","type":"page","link":"https:\/\/jawia.pl\/?page_id=98","title":{"rendered":"Wsp\u00f3\u0142praca"},"content":{"rendered":"\n<p>Jako Stowarzyszenie Krzewienia Kultury S\u0142owia\u0144skiej Jawia, chcemy wspiera\u0107 badania naukowe, archeologiczne jak i odtw\u00f3rstwo historyczne. Dlatego jeste\u015bmy otwarci na wszelk\u0105 wsp\u00f3\u0142prac\u0119 w tym zakresie z innymi stowarzyszeniami, organizacjami, czy osobami prywatnymi.&nbsp;Zapraszamy do kontaktu r\u00f3wnie\u017c organizacje kulturalne, historyczne, gastronomiczne, ekologiczne, s\u0142owem wszystkie, kt\u00f3re w swej dzia\u0142alno\u015bci chcia\u0142yby ods\u0142oni\u0107 r\u0105bek historii zwi\u0105zanej z w\u0142asn\u0105 dziedzin\u0105.<\/p>\n\n\n\n<div class=\"wp-block-buttons is-layout-flex wp-block-buttons-is-layout-flex\">\n<div class=\"wp-block-button\"><a class=\"wp-block-button__link wp-element-button\" href=\"http:\/\/jawia.isap.info.pl\/?page_id=76\">SKONTAKTUJ SI\u0118 Z NAMI<\/a><\/div>\n<\/div>\n\n\n\n<div style=\"height:23px\" aria-hidden=\"true\" class=\"wp-block-spacer\"><\/div>\n\n\n\n<figure class=\"wp-block-gallery alignfull has-nested-images columns-default is-cropped wp-block-gallery-1 is-layout-flex wp-block-gallery-is-layout-flex\">\n<figure class=\"wp-block-image size-large\"><img decoding=\"async\" width=\"1024\" height=\"683\" data-id=\"175\" data-src=\"http:\/\/jawia.isap.info.pl\/wp-content\/uploads\/2023\/02\/289776084_3266238866992089_6008196165791950501_n-1024x683.jpg\" alt=\"\" class=\"wp-image-175 lazyload\" data-srcset=\"https:\/\/jawia.pl\/wp-content\/uploads\/2023\/02\/289776084_3266238866992089_6008196165791950501_n-1024x683.jpg 1024w, https:\/\/jawia.pl\/wp-content\/uploads\/2023\/02\/289776084_3266238866992089_6008196165791950501_n-300x200.jpg 300w, https:\/\/jawia.pl\/wp-content\/uploads\/2023\/02\/289776084_3266238866992089_6008196165791950501_n-768x512.jpg 768w, https:\/\/jawia.pl\/wp-content\/uploads\/2023\/02\/289776084_3266238866992089_6008196165791950501_n-1536x1025.jpg 1536w, https:\/\/jawia.pl\/wp-content\/uploads\/2023\/02\/289776084_3266238866992089_6008196165791950501_n-930x620.jpg 930w, https:\/\/jawia.pl\/wp-content\/uploads\/2023\/02\/289776084_3266238866992089_6008196165791950501_n.jpg 2048w\" data-sizes=\"(max-width: 1024px) 100vw, 1024px\" src=\"data:image\/svg+xml;base64,PHN2ZyB3aWR0aD0iMSIgaGVpZ2h0PSIxIiB4bWxucz0iaHR0cDovL3d3dy53My5vcmcvMjAwMC9zdmciPjwvc3ZnPg==\" style=\"--smush-placeholder-width: 1024px; --smush-placeholder-aspect-ratio: 1024\/683;\" \/><\/figure>\n\n\n\n<figure class=\"wp-block-image size-large\"><img decoding=\"async\" width=\"1024\" height=\"683\" data-id=\"173\" data-src=\"http:\/\/jawia.isap.info.pl\/wp-content\/uploads\/2023\/02\/289837573_3266238406992135_2400979621721523577_n-1024x683.jpg\" alt=\"\" class=\"wp-image-173 lazyload\" data-srcset=\"https:\/\/jawia.pl\/wp-content\/uploads\/2023\/02\/289837573_3266238406992135_2400979621721523577_n-1024x683.jpg 1024w, https:\/\/jawia.pl\/wp-content\/uploads\/2023\/02\/289837573_3266238406992135_2400979621721523577_n-300x200.jpg 300w, https:\/\/jawia.pl\/wp-content\/uploads\/2023\/02\/289837573_3266238406992135_2400979621721523577_n-768x512.jpg 768w, https:\/\/jawia.pl\/wp-content\/uploads\/2023\/02\/289837573_3266238406992135_2400979621721523577_n-1536x1025.jpg 1536w, https:\/\/jawia.pl\/wp-content\/uploads\/2023\/02\/289837573_3266238406992135_2400979621721523577_n-930x620.jpg 930w, https:\/\/jawia.pl\/wp-content\/uploads\/2023\/02\/289837573_3266238406992135_2400979621721523577_n.jpg 2048w\" data-sizes=\"(max-width: 1024px) 100vw, 1024px\" src=\"data:image\/svg+xml;base64,PHN2ZyB3aWR0aD0iMSIgaGVpZ2h0PSIxIiB4bWxucz0iaHR0cDovL3d3dy53My5vcmcvMjAwMC9zdmciPjwvc3ZnPg==\" style=\"--smush-placeholder-width: 1024px; --smush-placeholder-aspect-ratio: 1024\/683;\" \/><\/figure>\n\n\n\n<figure class=\"wp-block-image size-large\"><img decoding=\"async\" width=\"1024\" height=\"683\" data-id=\"58\" data-src=\"http:\/\/jawia.isap.info.pl\/wp-content\/uploads\/2023\/02\/289934161_3266239110325398_9049535015019584117_n-1024x683.jpg\" alt=\"\" class=\"wp-image-58 lazyload\" data-srcset=\"https:\/\/jawia.pl\/wp-content\/uploads\/2023\/02\/289934161_3266239110325398_9049535015019584117_n-1024x683.jpg 1024w, https:\/\/jawia.pl\/wp-content\/uploads\/2023\/02\/289934161_3266239110325398_9049535015019584117_n-300x200.jpg 300w, https:\/\/jawia.pl\/wp-content\/uploads\/2023\/02\/289934161_3266239110325398_9049535015019584117_n-768x512.jpg 768w, https:\/\/jawia.pl\/wp-content\/uploads\/2023\/02\/289934161_3266239110325398_9049535015019584117_n-1536x1025.jpg 1536w, https:\/\/jawia.pl\/wp-content\/uploads\/2023\/02\/289934161_3266239110325398_9049535015019584117_n-930x620.jpg 930w, https:\/\/jawia.pl\/wp-content\/uploads\/2023\/02\/289934161_3266239110325398_9049535015019584117_n.jpg 2048w\" data-sizes=\"(max-width: 1024px) 100vw, 1024px\" src=\"data:image\/svg+xml;base64,PHN2ZyB3aWR0aD0iMSIgaGVpZ2h0PSIxIiB4bWxucz0iaHR0cDovL3d3dy53My5vcmcvMjAwMC9zdmciPjwvc3ZnPg==\" style=\"--smush-placeholder-width: 1024px; --smush-placeholder-aspect-ratio: 1024\/683;\" \/><\/figure>\n<\/figure>\n\n\n\n<div style=\"height:15px\" aria-hidden=\"true\" class=\"wp-block-spacer\"><\/div>\n","protected":false},"excerpt":{"rendered":"<p>Jako Stowarzyszenie Krzewienia Kultury S\u0142owia\u0144skiej Jawia, chcemy wspiera\u0107 badania naukowe, archeologiczne jak i odtw\u00f3rstwo historyczne. Dlatego jeste\u015bmy otwarci na wszelk\u0105 wsp\u00f3\u0142prac\u0119 w tym zakresie z innymi stowarzyszeniami, organizacjami, czy osobami prywatnymi.&nbsp;Zapraszamy do kontaktu r\u00f3wnie\u017c organizacje kulturalne, historyczne, gastronomiczne, ekologiczne, s\u0142owem wszystkie, kt\u00f3re w swej dzia\u0142alno\u015bci chcia\u0142yby ods\u0142oni\u0107 r\u0105bek historii zwi\u0105zanej z w\u0142asn\u0105 dziedzin\u0105.<\/p>\n","protected":false},"author":1,"featured_media":0,"parent":0,"menu_order":0,"comment_status":"closed","ping_status":"closed","template":"","meta":{"neve_meta_sidebar":"","neve_meta_container":"","neve_meta_enable_content_width":"","neve_meta_content_width":0,"neve_meta_title_alignment":"","neve_meta_author_avatar":"","neve_post_elements_order":"","neve_meta_disable_header":"","neve_meta_disable_footer":"","neve_meta_disable_title":"","footnotes":""},"class_list":["post-98","page","type-page","status-publish","hentry"],"_links":{"self":[{"href":"https:\/\/jawia.pl\/index.php?rest_route=\/wp\/v2\/pages\/98"}],"collection":[{"href":"https:\/\/jawia.pl\/index.php?rest_route=\/wp\/v2\/pages"}],"about":[{"href":"https:\/\/jawia.pl\/index.php?rest_route=\/wp\/v2\/types\/page"}],"author":[{"embeddable":true,"href":"https:\/\/jawia.pl\/index.php?rest_route=\/wp\/v2\/users\/1"}],"replies":[{"embeddable":true,"href":"https:\/\/jawia.pl\/index.php?rest_route=%2Fwp%2Fv2%2Fcomments&post=98"}],"version-history":[{"count":5,"href":"https:\/\/jawia.pl\/index.php?rest_route=\/wp\/v2\/pages\/98\/revisions"}],"predecessor-version":[{"id":212,"href":"https:\/\/jawia.pl\/index.php?rest_route=\/wp\/v2\/pages\/98\/revisions\/212"}],"wp:attachment":[{"href":"https:\/\/jawia.pl\/index.php?rest_route=%2Fwp%2Fv2%2Fmedia&parent=98"}],"curies":[{"name":"wp","href":"https:\/\/api.w.org\/{rel}","templated":true}]}}